{"id":153,"date":"2026-01-12T09:40:04","date_gmt":"2026-01-12T09:40:04","guid":{"rendered":"https:\/\/www.heilpraktikerin-grit-eggert.de\/?page_id=153"},"modified":"2026-01-12T09:40:04","modified_gmt":"2026-01-12T09:40:04","slug":"hypnose","status":"publish","type":"page","link":"https:\/\/www.heilpraktikerin-grit-eggert.de\/?page_id=153","title":{"rendered":"Hypnose"},"content":{"rendered":"\n<p>Sehr viele f\u00fchlen sich bei dem Gedanken an Hypnose unwohl, weil sie damit die Vorstellung verbinden, dem Hypnotiseur ausgeliefert zu sein.<\/p>\n\n\n\n<p>Hypnose hat aber nichts mit \u00fcbernat\u00fcrlichen Vorg\u00e4ngen oder Magie zu tun. Es ist ein Entspannungsverfahren, bei dem sie abschalten k\u00f6nnen, wenn sie es m\u00f6chten. Dabei werden sie immer alles mitbekommen und wahrnehmen, was rundherum passiert.<\/p>\n\n\n\n<p>Hypnose hat ein dem dem Wachzustand \u00e4hnlichen EEG-Muster. Es ist der Zustand zwischen Wachsein und Schlaf. Die k\u00f6rperlichen Funktionen sind herabgesetzt, w\u00e4hrend die geistigen aktiviert sind. Das Bewu\u00dftsein ist im wesendlichen auf den Hypnotiseur gerichtet.<\/p>\n\n\n\n<p>Umweltreize treten in den Hintergrund, das was der Hypnotiseur sagt in den Vordergrund und wird deswegen besonders intensiv aufgenommen.<\/p>\n\n\n\n<p>Kritikf\u00e4higkeit ist vorhanden allerdings deutlich verringert. Deswegen bricht bei Suggestionen au\u00dferhalb der Pers\u00f6nlichkeitsstruktur die Hypnose auch sofort ab (es gibt also kein Ausgeliefertsein). Sie werden stets ihren Willen beibehalten!<\/p>\n\n\n\n<p>Hypnose wirkt um so besser je mehr der Patient dem Hypnotiseur vertraut und je besser die Suggestionen vorher abgesprochen wurden.<\/p>\n\n\n\n<p>Die Anwendungsgebiete sind sehr breitgef\u00e4chert. Es geht \u00fcber einfache Ruhe und Entspannung \u00fcber Angsterkrankungen, Raucherentw\u00f6hnungen,Schul und Examens\u00e4ngste, E\u00dfst\u00f6rungen bis zu gastrointestinale St\u00f6rungen, Hautproblemen und vieles andere mehr.<\/p>\n","protected":false},"excerpt":{"rendered":"<p>Sehr viele f\u00fchlen sich bei dem Gedanken an Hypnose unwohl, weil sie damit die Vorstellung verbinden, dem Hypnotiseur ausgeliefert zu sein. Hypnose hat aber nichts mit \u00fcbernat\u00fcrlichen Vorg\u00e4ngen oder Magie zu tun. Es ist ein Entspannungsverfahren, bei dem sie abschalten k\u00f6nnen, wenn sie es m\u00f6chten. Dabei werden sie immer alles mitbekommen und wahrnehmen, was rundherum &hellip; <\/p>\n<p class=\"link-more\"><a href=\"https:\/\/www.heilpraktikerin-grit-eggert.de\/?page_id=153\" class=\"more-link\"><span class=\"screen-reader-text\">\u201eHypnose\u201c <\/span>weiterlesen<\/a><\/p>\n","protected":false},"author":1,"featured_media":0,"parent":29,"menu_order":0,"comment_status":"closed","ping_status":"closed","template":"","meta":{"footnotes":""},"class_list":["post-153","page","type-page","status-publish","hentry"],"_links":{"self":[{"href":"https:\/\/www.heilpraktikerin-grit-eggert.de\/index.php?rest_route=\/wp\/v2\/pages\/153","targetHints":{"allow":["GET"]}}],"collection":[{"href":"https:\/\/www.heilpraktikerin-grit-eggert.de\/index.php?rest_route=\/wp\/v2\/pages"}],"about":[{"href":"https:\/\/www.heilpraktikerin-grit-eggert.de\/index.php?rest_route=\/wp\/v2\/types\/page"}],"author":[{"embeddable":true,"href":"https:\/\/www.heilpraktikerin-grit-eggert.de\/index.php?rest_route=\/wp\/v2\/users\/1"}],"replies":[{"embeddable":true,"href":"https:\/\/www.heilpraktikerin-grit-eggert.de\/index.php?rest_route=%2Fwp%2Fv2%2Fcomments&post=153"}],"version-history":[{"count":1,"href":"https:\/\/www.heilpraktikerin-grit-eggert.de\/index.php?rest_route=\/wp\/v2\/pages\/153\/revisions"}],"predecessor-version":[{"id":154,"href":"https:\/\/www.heilpraktikerin-grit-eggert.de\/index.php?rest_route=\/wp\/v2\/pages\/153\/revisions\/154"}],"up":[{"embeddable":true,"href":"https:\/\/www.heilpraktikerin-grit-eggert.de\/index.php?rest_route=\/wp\/v2\/pages\/29"}],"wp:attachment":[{"href":"https:\/\/www.heilpraktikerin-grit-eggert.de\/index.php?rest_route=%2Fwp%2Fv2%2Fmedia&parent=153"}],"curies":[{"name":"wp","href":"https:\/\/api.w.org\/{rel}","templated":true}]}}