{"id":146,"date":"2026-01-12T09:36:05","date_gmt":"2026-01-12T09:36:05","guid":{"rendered":"https:\/\/www.heilpraktikerin-grit-eggert.de\/?page_id=146"},"modified":"2026-01-12T09:38:02","modified_gmt":"2026-01-12T09:38:02","slug":"blutegel-therapie","status":"publish","type":"page","link":"https:\/\/www.heilpraktikerin-grit-eggert.de\/?page_id=146","title":{"rendered":"Blutegel-Therapie"},"content":{"rendered":"\n<p><\/p>\n\n\n\n<div class=\"wp-block-group is-nowrap is-layout-flex wp-container-core-group-is-layout-ad2f72ca wp-block-group-is-layout-flex\">\n<p>Die Blutegeltherapie als ein sehr altes ausleitendes Heilverfahren.<br>Wenn andere Verfahren versagen, lohnt es sich immer noch eine Blutegeltherapie zu versuchen.<br>Ich setze Blutegel auch gerne auf Akupunkturpunkte und habe damit sehr gute Erfolge. Die Blutegelwirkung beruht auf dem Bissreiz, den in die Bisswunde abgegebenen Wirkstoffen und Bakterien sowie der Nachblutung. Die Wirkung der Blutegelbehandlung beruht in der Hauptsache auf zwei entscheidenden Faktoren:<\/p>\n<\/div>\n\n\n\n<p>1. Die Hirudinwirkung<\/p>\n\n\n\n<ul class=\"wp-block-list\">\n<li>gerinnungshemmend<\/li>\n\n\n\n<li>lymphstrombeschleunigend<\/li>\n\n\n\n<li>antithrombotisch<\/li>\n\n\n\n<li>gef\u00e4\u00dfkrampfl\u00f6send<\/li>\n<\/ul>\n\n\n\n<p>2. Die Wirkung des Blutentzugs<\/p>\n\n\n\n<ul class=\"wp-block-list\">\n<li>allgemein erleichternd und beruhigend<\/li>\n\n\n\n<li>blutreinigend und entgiftend<\/li>\n\n\n\n<li>entz\u00fcndungshemmend<\/li>\n\n\n\n<li>krampfl\u00f6send<\/li>\n<\/ul>\n\n\n\n<h4 class=\"wp-block-heading\">Ablauf einer Blutegel-Therapie<\/h4>\n\n\n\n<p>Die Zahl der anzusetzenden Blutegel richtet sich nach dem Alter des Patienten und dem Krankheitsbild.<br>Die Blutegel werden an die Stelle, an der sie saugen sollen, angesetzt. Ein feiner stechender Schmerz und rhythmische Saugbewegungen zeigen an, dass der Biss stattgefunden hat und der eigentliche Saugakt beginnt.<br>Die Saugzeit ist sehr unterschiedlich. Sie kann von 15 Minuten bis zu 1 Stunde dauern. Wenn sich der Egel vollgesaugt hat, l\u00f6st er sich von selbst ab.<\/p>\n\n\n\n<p><strong>Die wichtigsten Heilanzeigen<\/strong><\/p>\n\n\n\n<p>Entz\u00fcndungen an Gelenken, Gichtanf\u00e4lle, Arthrose, Stauungen in Venen und Lymphgef\u00e4\u00dfen.<\/p>\n\n\n\n<p><strong>Die wichtigsten Kontraindikationen<\/strong><\/p>\n\n\n\n<p>Bluterkrankungen, blutverd\u00fcnnende Medikamente, Hauterkrankungen an den Applikationsorten.<\/p>\n\n\n\n<h4 class=\"wp-block-heading\">Der Blutegel<\/h4>\n\n\n\n<p>Der Blutegel, ein circa 5 cm langes, wurmartiges Tier, wird an die menschliche Haut angelegt und bei\u00dft sich dort fest, um sich von menschlichem Blut zu ern\u00e4hren.<\/p>\n\n\n\n<ul class=\"wp-block-list\">\n<li>eine Mahlzeit gen\u00fcgt f\u00fcr 1-2 Jahre<\/li>\n\n\n\n<li>sie besiedeln nur reinstes Wasser<\/li>\n\n\n\n<li>sie sind elegante Schwimmer und sehen sehr h\u00fcbsch aus<\/li>\n\n\n\n<li>ihr Biss ist wenig schmerzhaft<\/li>\n\n\n\n<li>sie reinigen die von ihnen gesetzte, sternf\u00f6rmige Wunde<\/li>\n\n\n\n<li>ihre Speicheldr\u00fcsen sind frei von Krankheitskeimen<\/li>\n<\/ul>\n\n\n\n<p><\/p>\n","protected":false},"excerpt":{"rendered":"<p>Die Blutegeltherapie als ein sehr altes ausleitendes Heilverfahren.Wenn andere Verfahren versagen, lohnt es sich immer noch eine Blutegeltherapie zu versuchen.Ich setze Blutegel auch gerne auf Akupunkturpunkte und habe damit sehr gute Erfolge. Die Blutegelwirkung beruht auf dem Bissreiz, den in die Bisswunde abgegebenen Wirkstoffen und Bakterien sowie der Nachblutung. Die Wirkung der Blutegelbehandlung beruht in &hellip; <\/p>\n<p class=\"link-more\"><a href=\"https:\/\/www.heilpraktikerin-grit-eggert.de\/?page_id=146\" class=\"more-link\"><span class=\"screen-reader-text\">\u201eBlutegel-Therapie\u201c <\/span>weiterlesen<\/a><\/p>\n","protected":false},"author":1,"featured_media":0,"parent":29,"menu_order":0,"comment_status":"closed","ping_status":"closed","template":"","meta":{"footnotes":""},"class_list":["post-146","page","type-page","status-publish","hentry"],"_links":{"self":[{"href":"https:\/\/www.heilpraktikerin-grit-eggert.de\/index.php?rest_route=\/wp\/v2\/pages\/146","targetHints":{"allow":["GET"]}}],"collection":[{"href":"https:\/\/www.heilpraktikerin-grit-eggert.de\/index.php?rest_route=\/wp\/v2\/pages"}],"about":[{"href":"https:\/\/www.heilpraktikerin-grit-eggert.de\/index.php?rest_route=\/wp\/v2\/types\/page"}],"author":[{"embeddable":true,"href":"https:\/\/www.heilpraktikerin-grit-eggert.de\/index.php?rest_route=\/wp\/v2\/users\/1"}],"replies":[{"embeddable":true,"href":"https:\/\/www.heilpraktikerin-grit-eggert.de\/index.php?rest_route=%2Fwp%2Fv2%2Fcomments&post=146"}],"version-history":[{"count":3,"href":"https:\/\/www.heilpraktikerin-grit-eggert.de\/index.php?rest_route=\/wp\/v2\/pages\/146\/revisions"}],"predecessor-version":[{"id":150,"href":"https:\/\/www.heilpraktikerin-grit-eggert.de\/index.php?rest_route=\/wp\/v2\/pages\/146\/revisions\/150"}],"up":[{"embeddable":true,"href":"https:\/\/www.heilpraktikerin-grit-eggert.de\/index.php?rest_route=\/wp\/v2\/pages\/29"}],"wp:attachment":[{"href":"https:\/\/www.heilpraktikerin-grit-eggert.de\/index.php?rest_route=%2Fwp%2Fv2%2Fmedia&parent=146"}],"curies":[{"name":"wp","href":"https:\/\/api.w.org\/{rel}","templated":true}]}}