{"id":113,"date":"2026-01-11T17:09:10","date_gmt":"2026-01-11T17:09:10","guid":{"rendered":"https:\/\/www.heilpraktikerin-grit-eggert.de\/?page_id=113"},"modified":"2026-01-11T18:34:24","modified_gmt":"2026-01-11T18:34:24","slug":"massagen-2","status":"publish","type":"page","link":"https:\/\/www.heilpraktikerin-grit-eggert.de\/?page_id=113","title":{"rendered":"Massagen"},"content":{"rendered":"\n<figure class=\"wp-block-image size-large\"><img loading=\"lazy\" decoding=\"async\" width=\"1024\" height=\"768\" src=\"https:\/\/www.heilpraktikerin-grit-eggert.de\/wp-content\/uploads\/2026\/01\/P1040872-1024x768.jpg\" alt=\"\" class=\"wp-image-133\" srcset=\"https:\/\/www.heilpraktikerin-grit-eggert.de\/wp-content\/uploads\/2026\/01\/P1040872-1024x768.jpg 1024w, https:\/\/www.heilpraktikerin-grit-eggert.de\/wp-content\/uploads\/2026\/01\/P1040872-300x225.jpg 300w, https:\/\/www.heilpraktikerin-grit-eggert.de\/wp-content\/uploads\/2026\/01\/P1040872-768x576.jpg 768w, https:\/\/www.heilpraktikerin-grit-eggert.de\/wp-content\/uploads\/2026\/01\/P1040872-1536x1152.jpg 1536w, https:\/\/www.heilpraktikerin-grit-eggert.de\/wp-content\/uploads\/2026\/01\/P1040872-2048x1536.jpg 2048w\" sizes=\"auto, (max-width: 706px) 89vw, (max-width: 767px) 82vw, 740px\" \/><\/figure>\n\n\n\n<p>Gerade in einer Welt voller Hektik und Stress wirkt eine Massage sehr wohltuend. Ich habe verschiedene Massagekurse besucht und entscheide intuitiv \u2013 w\u00e4hrend der Massage \u2013 wie ich weiter arbeite.<\/p>\n\n\n\n<h2 class=\"wp-block-heading\">Tuina-Massage<\/h2>\n\n\n\n<details class=\"wp-block-details is-layout-flow wp-block-details-is-layout-flow\"><summary>mehr Erfahren<br><\/summary>\n<p><\/p>\n\n\n\n<p>Die Tuina-Massage&nbsp;ist die manuelle Therapie der&nbsp;Traditionellen Chinesischen Medizin. Aus westlicher Sicht handelt es sich um eine Mischung aus Elementen der&nbsp;Chiropraktik, der&nbsp;Akupressur und verschiedener&nbsp;Massagetechniken.<\/p>\n\n\n\n<p><br>Tuina setzt sich zusammen aus den chinesischen W\u00f6rtern&nbsp;<em>tui<\/em>&nbsp;(schieben, dr\u00fccken) und&nbsp;<em>na<\/em>&nbsp;(greifen, ziehen), weil diese manuellen Techniken bei der Behandlung angewandt werden.<br>Tuina basiert auf den Lehren der TCM zu Gesundheit und Krankheit des Menschen. Der Ansatz geht von der&nbsp;Ganzheitlichkeit des Menschen aus, so dass grunds\u00e4tzlich nicht nur der K\u00f6rper behandelt wird. Bedeutend ist die Theorie der&nbsp;Meridiane, der Energiebahnen im K\u00f6rper. Die flie\u00dfende Energie wird als&nbsp;Qi bezeichnet. Krankheiten sind laut TCM entweder auf eine St\u00f6rung des Energieflusses oder auf ein Ungleichgewicht der inneren Organe zur\u00fcckzuf\u00fchren.<\/p>\n\n\n\n<p><br>Mit Tuina sollen Blockaden der Meridiane aufgel\u00f6st und der Energiefluss gef\u00f6rdert, aber auch Organe beeinflusst werden. Bei der Behandlung werden teilweise andere Meridiane ber\u00fchrt als bei der&nbsp;Akupunktur. Die Methode wird in der TCM auch zur Vorbeugung gegen Krankheiten empfohlen.<\/p>\n<\/details>\n\n\n\n<h2 class=\"wp-block-heading\">Tibetische Honigmassage<\/h2>\n\n\n\n<details class=\"wp-block-details is-layout-flow wp-block-details-is-layout-flow\"><summary>mehr erfahren<\/summary>\n<p><\/p>\n\n\n\n<p>Honig, ein seit Tausenden von Jahren benutztes Naturprodukt, steckt voll verschiedener Inhaltsstoffe wie zum Beispiel Mineralstoffe, Spurenelemente, Vitamine und Gelee Royal \u2013 der K\u00f6niginnenfuttersaft. Der pH-Wert von Honig ist \u00e4hnlich dem der Haut, n\u00e4mlich 4,5 bis 5,4. Der dunkle Waldhonig hat sich gut bew\u00e4hrt, denn in ihm ist der Zuckeranteil geringer als im festen Honig. Er enth\u00e4lt haupts\u00e4chlich Monosaccharide (Einfachzucker), die direkt vom K\u00f6rper aufgenommen werden k\u00f6nnen. Honig besteht zu etwa 75% aus Zucker, au\u00dferdem aus Wasser sowie einer Vielzahl von Enzymen. Wahre Wunder bewirkt die Honigmassage, weil der K\u00f6rper im Stande ist, \u00fcber die Haut und den dazugeh\u00f6rigen Reflexzonen die hochwertigen Stoffe aufzunehmen. Mit Hilfe des Honigs und der Massage werden somit alte Schlackenstoffe und Gifte, die der K\u00f6rper im Laufe der Jahre eingelagert hat, tief aus dem K\u00f6rpergewebe herausgesogen.<\/p>\n\n\n\n<p>Sie kann hervorragend bei Beschwerden wie Verspannungen &amp; Verklebungen des Bindegewebes, Durchblutungsst\u00f6rungen, Migr\u00e4ne und Cellulite angewendet werden.<\/p>\n\n\n\n<p>Am erstaunlichsten ist jedoch die heilsame Wirkung bei dieser Massage. Nat\u00fcrlich bessert sich das Allgemeinbefinden, da der Gesamtorganismus entgiftet wird. Die Honigmassage hat eine dreifache Wirkung:<\/p>\n\n\n\n<ul class=\"wp-block-list\">\n<li>Entschlackung und Entgiftung des Organismus und der Gewebe<\/li>\n\n\n\n<li>Harmonisierung der Energie<\/li>\n\n\n\n<li>Verbesserung der Beschwerden und Schmerzen<\/li>\n<\/ul>\n\n\n\n<p>Die Honigmassage ist keine entspannende Wellnessmassage sondern eine Therapie, die auch schmerzlich&nbsp;sein kann.<\/p>\n<\/details>\n\n\n\n<h2 class=\"wp-block-heading\">Schr\u00f6pfkopfmassage<\/h2>\n\n\n\n<div class=\"wp-block-group\"><div class=\"wp-block-group__inner-container is-layout-constrained wp-block-group-is-layout-constrained\">\n<details class=\"wp-block-details is-layout-flow wp-block-details-is-layout-flow\"><summary>mehr erfahren<\/summary>\n<figure class=\"wp-block-image size-large\"><img loading=\"lazy\" decoding=\"async\" width=\"1024\" height=\"614\" src=\"https:\/\/www.heilpraktikerin-grit-eggert.de\/wp-content\/uploads\/2026\/01\/cropped-P1040869-1024x614.jpg\" alt=\"\" class=\"wp-image-125\" srcset=\"https:\/\/www.heilpraktikerin-grit-eggert.de\/wp-content\/uploads\/2026\/01\/cropped-P1040869-1024x614.jpg 1024w, https:\/\/www.heilpraktikerin-grit-eggert.de\/wp-content\/uploads\/2026\/01\/cropped-P1040869-300x180.jpg 300w, https:\/\/www.heilpraktikerin-grit-eggert.de\/wp-content\/uploads\/2026\/01\/cropped-P1040869-768x461.jpg 768w, https:\/\/www.heilpraktikerin-grit-eggert.de\/wp-content\/uploads\/2026\/01\/cropped-P1040869-1536x922.jpg 1536w, https:\/\/www.heilpraktikerin-grit-eggert.de\/wp-content\/uploads\/2026\/01\/cropped-P1040869.jpg 2000w\" sizes=\"auto, (max-width: 706px) 89vw, (max-width: 767px) 82vw, 740px\" \/><\/figure>\n\n\n\n<p>Bei der Schr\u00f6pfkopfmassage handelt es sich um eine besondere Massagetechnik, die mit sogenannten Schr\u00f6pfk\u00f6pfen ausgef\u00fchrt wird. Die Art der Massage wirkt tiefer als die klassische Handmassage und kann so auch tiefer liegende Gewebsschichten erreichen. Der Effekt der Schr\u00f6pfkopfmassage ist damit nat\u00fcrlich deutlich gr\u00f6\u00dfer und ist auch dazu noch angenehmer als die klassische Handmassage.<\/p>\n\n\n\n<p>Zuerst wird die Haut mit einem speziellen Massage\u00f6l eingerieben. Dies dient zum besseren Gleiten des Schr\u00f6pfkopfes und dass sich damit ein Wohlgef\u00fchl einstellt. W\u00fcrde das \u00d6l weggelassen werden, k\u00f6nnte die Massage unangenehm sein. F\u00fcr die eigentliche Massage wird der Schr\u00f6pfkopf auf der Hautoberfl\u00e4che verschoben.<br>Auf die Muskulatur wirkt die Schr\u00f6pfkopfmassage eher mechanisch, wobei sie die Durchblutung, den Blut- und Lymphabfluss f\u00f6rdert und somit auch den Stoffwechsel g\u00fcnstig beeinflusst. Dies hat eine positive Einwirkung auf den ganzen K\u00f6rper. Es kommt zur Verst\u00e4rkung der k\u00f6rpereigenen Abwehrkr\u00e4fte und es beginnt eine Selbstregulation der gest\u00f6rten K\u00f6rperfunktionen.<\/p>\n\n\n\n<p>Die Schr\u00f6pfkopfmassage ist besonders geeignet f\u00fcr der Behandlung von Muskelverspannungen. Haut und Gewebe werden durch die Schr\u00f6pfkopfmassage besser durchblutet. Dadurch wird der Stoffwechsel angeregt und ein Abtransport von Schlacken aus dem Gewebe gef\u00f6rdert.<\/p>\n<\/details>\n<\/div><\/div>\n\n\n\n<h2 class=\"wp-block-heading\">Reflexzonenmassage<\/h2>\n\n\n\n<details class=\"wp-block-details is-layout-flow wp-block-details-is-layout-flow\"><summary>mehr erfahren<\/summary>\n<p><\/p>\n\n\n\n<p>Die Grundlagen der Reflexzonenmassage stammen aus der Traditionellen Chinesischen Medizin. Es gibt Nervenverbindungen zwischen inneren Organen, der Muskulatur und der Haut die sich reflektorisch beeinflussen lassen.<\/p>\n\n\n\n<p>Die Reflexzonenmassage wird aber nicht nur eingesetzt, wenn es schon zu Erkrankungen gekommen ist, sondern sie dient auch im Wellnessbereich dem Erreichen von Entspannung und Erholung. Am bekanntesten ist die Anwendung der Reflexzonenmassage an den F\u00fc\u00dfen.<\/p>\n\n\n\n<p>Sie stehen den ganzen Tag auf ihren F\u00fc\u00dfen, aber leider wird dieser Arbeit kaum Beachtung geschenkt. G\u00f6nnen sie ihren F\u00fc\u00dfen mal eine Entspannung, sie werden es Ihnen danken.<\/p>\n<\/details>\n\n\n\n<h2 class=\"wp-block-heading\">Breuss-Massage<\/h2>\n\n\n\n<details class=\"wp-block-details is-layout-flow wp-block-details-is-layout-flow\"><summary>mehr erfahren<\/summary>\n<p><\/p>\n\n\n\n<p>Die Breu\u00dfmassage ist eine sanfte, gef\u00fchlvolle und entspannende Massage der Wirbels\u00e4ule.<\/p>\n\n\n\n<p>Es ist eine selbstst\u00e4ndige Therapie f\u00fcr die Behandlung einiger Wirbels\u00e4ulenprobleme oder eine hervorragende Vorbereitung der&nbsp;Dorntherapie.<\/p>\n<\/details>\n","protected":false},"excerpt":{"rendered":"<p>Gerade in einer Welt voller Hektik und Stress wirkt eine Massage sehr wohltuend. Ich habe verschiedene Massagekurse besucht und entscheide intuitiv \u2013 w\u00e4hrend der Massage \u2013 wie ich weiter arbeite. Tuina-Massage Tibetische Honigmassage Schr\u00f6pfkopfmassage Reflexzonenmassage Breuss-Massage<\/p>\n","protected":false},"author":1,"featured_media":0,"parent":29,"menu_order":0,"comment_status":"closed","ping_status":"closed","template":"","meta":{"footnotes":""},"class_list":["post-113","page","type-page","status-publish","hentry"],"_links":{"self":[{"href":"https:\/\/www.heilpraktikerin-grit-eggert.de\/index.php?rest_route=\/wp\/v2\/pages\/113","targetHints":{"allow":["GET"]}}],"collection":[{"href":"https:\/\/www.heilpraktikerin-grit-eggert.de\/index.php?rest_route=\/wp\/v2\/pages"}],"about":[{"href":"https:\/\/www.heilpraktikerin-grit-eggert.de\/index.php?rest_route=\/wp\/v2\/types\/page"}],"author":[{"embeddable":true,"href":"https:\/\/www.heilpraktikerin-grit-eggert.de\/index.php?rest_route=\/wp\/v2\/users\/1"}],"replies":[{"embeddable":true,"href":"https:\/\/www.heilpraktikerin-grit-eggert.de\/index.php?rest_route=%2Fwp%2Fv2%2Fcomments&post=113"}],"version-history":[{"count":12,"href":"https:\/\/www.heilpraktikerin-grit-eggert.de\/index.php?rest_route=\/wp\/v2\/pages\/113\/revisions"}],"predecessor-version":[{"id":134,"href":"https:\/\/www.heilpraktikerin-grit-eggert.de\/index.php?rest_route=\/wp\/v2\/pages\/113\/revisions\/134"}],"up":[{"embeddable":true,"href":"https:\/\/www.heilpraktikerin-grit-eggert.de\/index.php?rest_route=\/wp\/v2\/pages\/29"}],"wp:attachment":[{"href":"https:\/\/www.heilpraktikerin-grit-eggert.de\/index.php?rest_route=%2Fwp%2Fv2%2Fmedia&parent=113"}],"curies":[{"name":"wp","href":"https:\/\/api.w.org\/{rel}","templated":true}]}}